{"id":9,"date":"2021-03-26T22:43:59","date_gmt":"2021-03-26T21:43:59","guid":{"rendered":"https:\/\/viragzodorgicse.hu\/?page_id=9"},"modified":"2023-08-31T20:12:02","modified_gmt":"2023-08-31T19:12:02","slug":"elerhetoseg","status":"publish","type":"page","link":"https:\/\/viragzodorgicse.hu\/index.php\/elerhetoseg\/","title":{"rendered":"Kapcsolat"},"content":{"rendered":"\n<p>E-mail c\u00edm\u00fcnk : <a href=\"mailto:info@viragzodorgicse.hu\">info@viragzodorgicse.hu<\/a><\/p>\n\n\n\n<p>FACEBOOK oldalunk : <a href=\"http:\/\/www.facebook.com\/viragzodorgicse\">www.facebook.com\/viragzodorgicse<\/a><\/p>\n\n\n\n<p><\/p>\n\n\n\n<h2 class=\"wp-block-heading\"><\/h2>\n","protected":false},"excerpt":{"rendered":"<p>E-mail c\u00edm\u00fcnk : info@viragzodorgicse.hu FACEBOOK oldalunk : www.facebook.com\/viragzodorgicse<\/p>\n","protected":false},"author":1,"featured_media":0,"parent":0,"menu_order":0,"comment_status":"closed","ping_status":"closed","template":"","meta":{"footnotes":""},"class_list":["post-9","page","type-page","status-publish","hentry"],"yoast_head":"<!-- This site is optimized with the Yoast SEO plugin v27.3 - https:\/\/yoast.com\/product\/yoast-seo-wordpress\/ -->\n<title>Kapcsolat - Vir\u00e1gz\u00f3 D\u00f6rgicse<\/title>\n<meta name=\"robots\" content=\"index, follow, max-snippet:-1, max-image-preview:large, max-video-preview:-1\" \/>\n<link rel=\"canonical\" href=\"https:\/\/viragzodorgicse.hu\/index.php\/elerhetoseg\/\" \/>\n<meta property=\"og:locale\" content=\"hu_HU\" \/>\n<meta property=\"og:type\" content=\"article\" \/>\n<meta property=\"og:title\" content=\"Kapcsolat - Vir\u00e1gz\u00f3 D\u00f6rgicse\" \/>\n<meta property=\"og:description\" content=\"E-mail c\u00edm\u00fcnk : info@viragzodorgicse.hu FACEBOOK oldalunk : www.facebook.com\/viragzodorgicse\" \/>\n<meta property=\"og:url\" content=\"https:\/\/viragzodorgicse.hu\/index.php\/elerhetoseg\/\" \/>\n<meta property=\"og:site_name\" content=\"Vir\u00e1gz\u00f3 D\u00f6rgicse\" \/>\n<meta property=\"article:modified_time\" content=\"2023-08-31T19:12:02+00:00\" \/>\n<meta name=\"twitter:card\" content=\"summary_large_image\" \/>\n<meta name=\"twitter:label1\" content=\"Becs\u00fclt olvas\u00e1si id\u0151\" \/>\n\t<meta name=\"twitter:data1\" content=\"1 perc\" \/>\n<script type=\"application\/ld+json\" class=\"yoast-schema-graph\">{\"@context\":\"https:\\\/\\\/schema.org\",\"@graph\":[{\"@type\":\"WebPage\",\"@id\":\"https:\\\/\\\/viragzodorgicse.hu\\\/index.php\\\/elerhetoseg\\\/\",\"url\":\"https:\\\/\\\/viragzodorgicse.hu\\\/index.php\\\/elerhetoseg\\\/\",\"name\":\"Kapcsolat - Vir\u00e1gz\u00f3 D\u00f6rgicse\",\"isPartOf\":{\"@id\":\"https:\\\/\\\/viragzodorgicse.hu\\\/#website\"},\"datePublished\":\"2021-03-26T21:43:59+00:00\",\"dateModified\":\"2023-08-31T19:12:02+00:00\",\"breadcrumb\":{\"@id\":\"https:\\\/\\\/viragzodorgicse.hu\\\/index.php\\\/elerhetoseg\\\/#breadcrumb\"},\"inLanguage\":\"hu\",\"potentialAction\":[{\"@type\":\"ReadAction\",\"target\":[\"https:\\\/\\\/viragzodorgicse.hu\\\/index.php\\\/elerhetoseg\\\/\"]}]},{\"@type\":\"BreadcrumbList\",\"@id\":\"https:\\\/\\\/viragzodorgicse.hu\\\/index.php\\\/elerhetoseg\\\/#breadcrumb\",\"itemListElement\":[{\"@type\":\"ListItem\",\"position\":1,\"name\":\"Kezd\u0151lap\",\"item\":\"https:\\\/\\\/viragzodorgicse.hu\\\/\"},{\"@type\":\"ListItem\",\"position\":2,\"name\":\"Kapcsolat\"}]},{\"@type\":\"WebSite\",\"@id\":\"https:\\\/\\\/viragzodorgicse.hu\\\/#website\",\"url\":\"https:\\\/\\\/viragzodorgicse.hu\\\/\",\"name\":\"Vir\u00e1gz\u00f3 D\u00f6rgicse\",\"description\":\"Civil T\u00e1rsas\u00e1g\",\"publisher\":{\"@id\":\"https:\\\/\\\/viragzodorgicse.hu\\\/#organization\"},\"potentialAction\":[{\"@type\":\"SearchAction\",\"target\":{\"@type\":\"EntryPoint\",\"urlTemplate\":\"https:\\\/\\\/viragzodorgicse.hu\\\/?s={search_term_string}\"},\"query-input\":{\"@type\":\"PropertyValueSpecification\",\"valueRequired\":true,\"valueName\":\"search_term_string\"}}],\"inLanguage\":\"hu\"},{\"@type\":\"Organization\",\"@id\":\"https:\\\/\\\/viragzodorgicse.hu\\\/#organization\",\"name\":\"Vir\u00e1gz\u00f3 D\u00f6rgicse\",\"url\":\"https:\\\/\\\/viragzodorgicse.hu\\\/\",\"logo\":{\"@type\":\"ImageObject\",\"inLanguage\":\"hu\",\"@id\":\"https:\\\/\\\/viragzodorgicse.hu\\\/#\\\/schema\\\/logo\\\/image\\\/\",\"url\":\"https:\\\/\\\/viragzodorgicse.hu\\\/wp-content\\\/uploads\\\/2021\\\/03\\\/cropped-cropped-VD-logo.png\",\"contentUrl\":\"https:\\\/\\\/viragzodorgicse.hu\\\/wp-content\\\/uploads\\\/2021\\\/03\\\/cropped-cropped-VD-logo.png\",\"width\":921,\"height\":790,\"caption\":\"Vir\u00e1gz\u00f3 D\u00f6rgicse\"},\"image\":{\"@id\":\"https:\\\/\\\/viragzodorgicse.hu\\\/#\\\/schema\\\/logo\\\/image\\\/\"}}]}<\/script>\n<!-- \/ Yoast SEO plugin. -->","yoast_head_json":{"title":"Kapcsolat - Vir\u00e1gz\u00f3 D\u00f6rgicse","robots":{"index":"index","follow":"follow","max-snippet":"max-snippet:-1","max-image-preview":"max-image-preview:large","max-video-preview":"max-video-preview:-1"},"canonical":"https:\/\/viragzodorgicse.hu\/index.php\/elerhetoseg\/","og_locale":"hu_HU","og_type":"article","og_title":"Kapcsolat - Vir\u00e1gz\u00f3 D\u00f6rgicse","og_description":"E-mail c\u00edm\u00fcnk : info@viragzodorgicse.hu FACEBOOK oldalunk : www.facebook.com\/viragzodorgicse","og_url":"https:\/\/viragzodorgicse.hu\/index.php\/elerhetoseg\/","og_site_name":"Vir\u00e1gz\u00f3 D\u00f6rgicse","article_modified_time":"2023-08-31T19:12:02+00:00","twitter_card":"summary_large_image","twitter_misc":{"Becs\u00fclt olvas\u00e1si id\u0151":"1 perc"},"schema":{"@context":"https:\/\/schema.org","@graph":[{"@type":"WebPage","@id":"https:\/\/viragzodorgicse.hu\/index.php\/elerhetoseg\/","url":"https:\/\/viragzodorgicse.hu\/index.php\/elerhetoseg\/","name":"Kapcsolat - Vir\u00e1gz\u00f3 D\u00f6rgicse","isPartOf":{"@id":"https:\/\/viragzodorgicse.hu\/#website"},"datePublished":"2021-03-26T21:43:59+00:00","dateModified":"2023-08-31T19:12:02+00:00","breadcrumb":{"@id":"https:\/\/viragzodorgicse.hu\/index.php\/elerhetoseg\/#breadcrumb"},"inLanguage":"hu","potentialAction":[{"@type":"ReadAction","target":["https:\/\/viragzodorgicse.hu\/index.php\/elerhetoseg\/"]}]},{"@type":"BreadcrumbList","@id":"https:\/\/viragzodorgicse.hu\/index.php\/elerhetoseg\/#breadcrumb","itemListElement":[{"@type":"ListItem","position":1,"name":"Kezd\u0151lap","item":"https:\/\/viragzodorgicse.hu\/"},{"@type":"ListItem","position":2,"name":"Kapcsolat"}]},{"@type":"WebSite","@id":"https:\/\/viragzodorgicse.hu\/#website","url":"https:\/\/viragzodorgicse.hu\/","name":"Vir\u00e1gz\u00f3 D\u00f6rgicse","description":"Civil T\u00e1rsas\u00e1g","publisher":{"@id":"https:\/\/viragzodorgicse.hu\/#organization"},"potentialAction":[{"@type":"SearchAction","target":{"@type":"EntryPoint","urlTemplate":"https:\/\/viragzodorgicse.hu\/?s={search_term_string}"},"query-input":{"@type":"PropertyValueSpecification","valueRequired":true,"valueName":"search_term_string"}}],"inLanguage":"hu"},{"@type":"Organization","@id":"https:\/\/viragzodorgicse.hu\/#organization","name":"Vir\u00e1gz\u00f3 D\u00f6rgicse","url":"https:\/\/viragzodorgicse.hu\/","logo":{"@type":"ImageObject","inLanguage":"hu","@id":"https:\/\/viragzodorgicse.hu\/#\/schema\/logo\/image\/","url":"https:\/\/viragzodorgicse.hu\/wp-content\/uploads\/2021\/03\/cropped-cropped-VD-logo.png","contentUrl":"https:\/\/viragzodorgicse.hu\/wp-content\/uploads\/2021\/03\/cropped-cropped-VD-logo.png","width":921,"height":790,"caption":"Vir\u00e1gz\u00f3 D\u00f6rgicse"},"image":{"@id":"https:\/\/viragzodorgicse.hu\/#\/schema\/logo\/image\/"}}]}},"jetpack_sharing_enabled":true,"_links":{"self":[{"href":"https:\/\/viragzodorgicse.hu\/index.php\/wp-json\/wp\/v2\/pages\/9","targetHints":{"allow":["GET"]}}],"collection":[{"href":"https:\/\/viragzodorgicse.hu\/index.php\/wp-json\/wp\/v2\/pages"}],"about":[{"href":"https:\/\/viragzodorgicse.hu\/index.php\/wp-json\/wp\/v2\/types\/page"}],"author":[{"embeddable":true,"href":"https:\/\/viragzodorgicse.hu\/index.php\/wp-json\/wp\/v2\/users\/1"}],"replies":[{"embeddable":true,"href":"https:\/\/viragzodorgicse.hu\/index.php\/wp-json\/wp\/v2\/comments?post=9"}],"version-history":[{"count":4,"href":"https:\/\/viragzodorgicse.hu\/index.php\/wp-json\/wp\/v2\/pages\/9\/revisions"}],"predecessor-version":[{"id":345,"href":"https:\/\/viragzodorgicse.hu\/index.php\/wp-json\/wp\/v2\/pages\/9\/revisions\/345"}],"wp:attachment":[{"href":"https:\/\/viragzodorgicse.hu\/index.php\/wp-json\/wp\/v2\/media?parent=9"}],"curies":[{"name":"wp","href":"https:\/\/api.w.org\/{rel}","templated":true}]}}